{"id":145,"date":"2020-02-16T00:15:08","date_gmt":"2020-02-15T23:15:08","guid":{"rendered":"https:\/\/www.heizungsspezialist.de\/wp\/?page_id=145"},"modified":"2024-03-29T10:48:09","modified_gmt":"2024-03-29T09:48:09","slug":"home","status":"publish","type":"page","link":"https:\/\/www.heizungsspezialist.de\/wp\/","title":{"rendered":"Home"},"content":{"rendered":"<p>[et_pb_section fb_built=&#8220;1&#8243; _builder_version=&#8220;4.24.2&#8243; use_background_color_gradient=&#8220;on&#8220; background_color_gradient_stops=&#8220;#6da2eb 47%|#ffffff 100%&#8220; background_color_gradient_start=&#8220;#6da2eb&#8220; background_color_gradient_start_position=&#8220;47%&#8220; background_color_gradient_end=&#8220;#ffffff&#8220; height_tablet=&#8220;325px&#8220; height_phone=&#8220;325px&#8220; height_last_edited=&#8220;on|desktop&#8220; custom_margin=&#8220;0px||||false|false&#8220; custom_padding=&#8220;0px||0px||false|false&#8220; top_divider_color=&#8220;#E02B20&#8243; top_divider_height=&#8220;26px&#8220; global_colors_info=&#8220;{}&#8220;][et_pb_row make_equal=&#8220;on&#8220; _builder_version=&#8220;4.24.2&#8243; min_height=&#8220;165px&#8220; height=&#8220;165px&#8220; max_height=&#8220;165px&#8220; custom_padding=&#8220;0px||0px||false|false&#8220; global_colors_info=&#8220;{}&#8220;][et_pb_column type=&#8220;4_4&#8243; _builder_version=&#8220;4.16&#8243; global_colors_info=&#8220;{}&#8220;][et_pb_text disabled_on=&#8220;on|off|off&#8220; _builder_version=&#8220;4.24.2&#8243; _module_preset=&#8220;default&#8220; min_height=&#8220;5.7px&#8220; custom_margin=&#8220;||-2px|||&#8220; custom_padding=&#8220;||0px|||&#8220; hover_enabled=&#8220;0&#8243; global_colors_info=&#8220;{}&#8220; height=&#8220;20px&#8220; sticky_enabled=&#8220;0&#8243;][\/et_pb_text][et_pb_text _builder_version=&#8220;4.16&#8243; text_font=&#8220;|600|||||||&#8220; text_text_color=&#8220;#FFFFFF&#8220; text_font_size=&#8220;34px&#8220; text_letter_spacing=&#8220;2px&#8220; text_line_height=&#8220;1.8em&#8220; text_orientation=&#8220;center&#8220; background_layout=&#8220;dark&#8220; width=&#8220;99%&#8220; max_width=&#8220;100%&#8220; module_alignment=&#8220;center&#8220; min_height_tablet=&#8220;&#8220; min_height_phone=&#8220;&#8220; min_height_last_edited=&#8220;on|desktop&#8220; height_tablet=&#8220;&#8220; height_phone=&#8220;&#8220; height_last_edited=&#8220;on|desktop&#8220; max_height_tablet=&#8220;&#8220; max_height_phone=&#8220;&#8220; max_height_last_edited=&#8220;on|desktop&#8220; custom_padding=&#8220;0px|||||&#8220; animation_style=&#8220;slide&#8220; animation_duration=&#8220;550ms&#8220; animation_intensity_slide=&#8220;43%&#8220; animation_starting_opacity=&#8220;77%&#8220; animation_speed_curve=&#8220;ease-in&#8220; scroll_fade=&#8220;0|35|35|100|100%|100%|0%&#8220; motion_trigger_start=&#8220;top&#8220; text_font_size_tablet=&#8220;27px&#8220; text_font_size_phone=&#8220;22px&#8220; text_font_size_last_edited=&#8220;on|phone&#8220; text_text_shadow_style=&#8220;preset1&#8243; global_colors_info=&#8220;{}&#8220;]<\/p>\n<p style=\"text-align: center;\"><strong>\u201eWillkommen bei Ihrem Spezialisten f\u00fcr moderne Heizungsanlagen,<\/strong><br \/><strong>sch\u00f6ne B\u00e4der und regenerative Energien.\u201c<\/strong><\/p>\n<p>[\/et_pb_text][\/et_pb_column][\/et_pb_row][\/et_pb_section][et_pb_section fb_built=&#8220;1&#8243; _builder_version=&#8220;4.16&#8243; min_height=&#8220;500px&#8220; min_height_tablet=&#8220;500px&#8220; min_height_phone=&#8220;300px&#8220; min_height_last_edited=&#8220;on|phone&#8220; height=&#8220;300px&#8220; height_tablet=&#8220;300px&#8220; height_phone=&#8220;300px&#8220; height_last_edited=&#8220;on|phone&#8220; max_height=&#8220;500px&#8220; max_height_tablet=&#8220;500px&#8220; max_height_phone=&#8220;300px&#8220; max_height_last_edited=&#8220;on|phone&#8220; custom_padding=&#8220;0px||0px||false|false&#8220; box_shadow_style=&#8220;preset1&#8243; global_colors_info=&#8220;{}&#8220;][et_pb_row _builder_version=&#8220;4.16&#8243; width=&#8220;100%&#8220; custom_margin=&#8220;|auto|-8px|auto||&#8220; custom_padding=&#8220;0px||0px|||&#8220; global_colors_info=&#8220;{}&#8220;][et_pb_column type=&#8220;4_4&#8243; _builder_version=&#8220;4.16&#8243; global_colors_info=&#8220;{}&#8220;][et_pb_slider _builder_version=&#8220;4.16&#8243; background_color=&#8220;RGBA(255,255,255,0)&#8220; background_image=&#8220;https:\/\/www.heizungsspezialist.de\/wp\/wp-content\/uploads\/2022\/01\/DSC06224.jpg&#8220; min_height=&#8220;500px&#8220; min_height_tablet=&#8220;500px&#8220; min_height_phone=&#8220;300px&#8220; min_height_last_edited=&#8220;on|desktop&#8220; height=&#8220;500px&#8220; height_tablet=&#8220;500px&#8220; height_phone=&#8220;300px&#8220; height_last_edited=&#8220;on|desktop&#8220; max_height=&#8220;500px&#8220; max_height_tablet=&#8220;500px&#8220; max_height_phone=&#8220;300px&#8220; max_height_last_edited=&#8220;on|phone&#8220; custom_padding=&#8220;225px||17px|||&#8220; global_colors_info=&#8220;{}&#8220;][et_pb_slide _builder_version=&#8220;4.16&#8243; _module_preset=&#8220;default&#8220; body_font=&#8220;|600|||||||&#8220; body_text_align=&#8220;center&#8220; body_text_color=&#8220;#0C71C3&#8243; body_font_size=&#8220;25px&#8220; body_letter_spacing=&#8220;2px&#8220; body_line_height=&#8220;1.8em&#8220; background_image=&#8220;https:\/\/www.heizungsspezialist.de\/wp\/wp-content\/uploads\/2022\/01\/DSC06261.jpg&#8220; text_orientation=&#8220;center&#8220; background_layout=&#8220;light&#8220; body_text_shadow_style=&#8220;preset3&#8243; body_text_shadow_vertical_length=&#8220;0.25em&#8220; body_text_shadow_color=&#8220;#000000&#8243; global_colors_info=&#8220;{}&#8220; heading__hover_enabled=&#8220;on|desktop&#8220; sticky_transition=&#8220;on&#8220;][\/et_pb_slide][et_pb_slide _builder_version=&#8220;4.16&#8243; _module_preset=&#8220;default&#8220; global_colors_info=&#8220;{}&#8220; sticky_transition=&#8220;on&#8220;][\/et_pb_slide][et_pb_slide _builder_version=&#8220;4.16&#8243; _module_preset=&#8220;default&#8220; background_color=&#8220;RGBA(255,255,255,0)&#8220; background_enable_color=&#8220;on&#8220; background_image=&#8220;https:\/\/www.heizungsspezialist.de\/wp\/wp-content\/uploads\/2022\/02\/Gesamtansicht-scaled.jpg&#8220; background_enable_image=&#8220;on&#8220; global_colors_info=&#8220;{}&#8220; sticky_transition=&#8220;on&#8220;][\/et_pb_slide][et_pb_slide _builder_version=&#8220;4.16&#8243; _module_preset=&#8220;default&#8220; background_image=&#8220;https:\/\/www.heizungsspezialist.de\/wp\/wp-content\/uploads\/2022\/01\/DSC06286.jpg&#8220; global_colors_info=&#8220;{}&#8220; sticky_transition=&#8220;on&#8220;][\/et_pb_slide][et_pb_slide _builder_version=&#8220;4.16&#8243; _module_preset=&#8220;default&#8220; background_image=&#8220;https:\/\/www.heizungsspezialist.de\/wp\/wp-content\/uploads\/2022\/01\/DSC06299.jpg&#8220; global_colors_info=&#8220;{}&#8220; sticky_transition=&#8220;on&#8220;][\/et_pb_slide][et_pb_slide _builder_version=&#8220;4.16&#8243; _module_preset=&#8220;default&#8220; background_image=&#8220;https:\/\/www.heizungsspezialist.de\/wp\/wp-content\/uploads\/2022\/01\/DSC06391.jpg&#8220; background_position=&#8220;top_left&#8220; global_colors_info=&#8220;{}&#8220; sticky_transition=&#8220;on&#8220;][\/et_pb_slide][et_pb_slide _builder_version=&#8220;4.16&#8243; _module_preset=&#8220;default&#8220; background_color=&#8220;RGBA(255,255,255,0)&#8220; background_enable_color=&#8220;on&#8220; background_image=&#8220;https:\/\/www.heizungsspezialist.de\/wp\/wp-content\/uploads\/2022\/02\/Auto-scaled.jpg&#8220; background_enable_image=&#8220;on&#8220; global_colors_info=&#8220;{}&#8220; sticky_transition=&#8220;on&#8220;][\/et_pb_slide][et_pb_slide _builder_version=&#8220;4.16&#8243; _module_preset=&#8220;default&#8220; background_color=&#8220;RGBA(255,255,255,0)&#8220; background_enable_color=&#8220;on&#8220; background_image=&#8220;https:\/\/www.heizungsspezialist.de\/wp\/wp-content\/uploads\/2022\/02\/Heizungsspezialist-scaled.jpg&#8220; background_enable_image=&#8220;on&#8220; global_colors_info=&#8220;{}&#8220; sticky_transition=&#8220;on&#8220;][\/et_pb_slide][\/et_pb_slider][\/et_pb_column][\/et_pb_row][\/et_pb_section][et_pb_section fb_built=&#8220;1&#8243; _builder_version=&#8220;4.20.0&#8243; use_background_color_gradient=&#8220;on&#8220; background_color_gradient_stops=&#8220;#ffffff 10%|#6da2eb 90%&#8220; background_color_gradient_start=&#8220;#ffffff&#8220; background_color_gradient_start_position=&#8220;47%&#8220; background_color_gradient_end=&#8220;#6da2eb&#8220; min_height=&#8220;100px&#8220; height=&#8220;100px&#8220; height_tablet=&#8220;325px&#8220; height_phone=&#8220;325px&#8220; height_last_edited=&#8220;on|desktop&#8220; max_height=&#8220;100px&#8220; custom_margin=&#8220;0px||||false|false&#8220; custom_padding=&#8220;0px||0px||false|false&#8220; top_divider_color=&#8220;#E02B20&#8243; top_divider_height=&#8220;52px&#8220; global_colors_info=&#8220;{}&#8220;][et_pb_row make_equal=&#8220;on&#8220; _builder_version=&#8220;4.16&#8243; min_height=&#8220;220px&#8220; height=&#8220;302px&#8220; max_height=&#8220;100px&#8220; custom_padding=&#8220;0px||0px||false|false&#8220; global_colors_info=&#8220;{}&#8220;][et_pb_column type=&#8220;4_4&#8243; _builder_version=&#8220;4.16&#8243; global_colors_info=&#8220;{}&#8220;][et_pb_text _builder_version=&#8220;4.16&#8243; _module_preset=&#8220;default&#8220; global_colors_info=&#8220;{}&#8220;][\/et_pb_text][et_pb_text _builder_version=&#8220;4.16&#8243; text_font=&#8220;|600|||||||&#8220; text_text_color=&#8220;#FFFFFF&#8220; text_font_size=&#8220;34px&#8220; text_letter_spacing=&#8220;2px&#8220; text_line_height=&#8220;1.8em&#8220; text_orientation=&#8220;center&#8220; background_layout=&#8220;dark&#8220; width=&#8220;99%&#8220; max_width=&#8220;100%&#8220; module_alignment=&#8220;center&#8220; min_height_tablet=&#8220;&#8220; min_height_phone=&#8220;&#8220; min_height_last_edited=&#8220;on|desktop&#8220; height_tablet=&#8220;&#8220; height_phone=&#8220;&#8220; height_last_edited=&#8220;on|desktop&#8220; max_height_tablet=&#8220;&#8220; max_height_phone=&#8220;&#8220; max_height_last_edited=&#8220;on|desktop&#8220; custom_padding=&#8220;0px|||||&#8220; animation_style=&#8220;slide&#8220; animation_duration=&#8220;550ms&#8220; animation_intensity_slide=&#8220;43%&#8220; animation_starting_opacity=&#8220;77%&#8220; animation_speed_curve=&#8220;ease-in&#8220; scroll_fade=&#8220;0|35|35|100|100%|100%|0%&#8220; motion_trigger_start=&#8220;top&#8220; text_font_size_tablet=&#8220;27px&#8220; text_font_size_phone=&#8220;22px&#8220; text_font_size_last_edited=&#8220;on|phone&#8220; text_text_shadow_style=&#8220;preset1&#8243; global_colors_info=&#8220;{}&#8220;][\/et_pb_text][\/et_pb_column][\/et_pb_row][\/et_pb_section]<\/p>\n","protected":false},"excerpt":{"rendered":"<p>\u201eWillkommen bei Ihrem Spezialisten f\u00fcr moderne Heizungsanlagen,sch\u00f6ne B\u00e4der und regenerative Energien.\u201c<\/p>\n","protected":false},"author":1,"featured_media":0,"parent":0,"menu_order":0,"comment_status":"closed","ping_status":"closed","template":"","meta":{"_et_pb_use_builder":"on","_et_pb_old_content":"","_et_gb_content_width":"","footnotes":""},"class_list":["post-145","page","type-page","status-publish","hentry"],"_links":{"self":[{"href":"https:\/\/www.heizungsspezialist.de\/wp\/wp-json\/wp\/v2\/pages\/145","targetHints":{"allow":["GET"]}}],"collection":[{"href":"https:\/\/www.heizungsspezialist.de\/wp\/wp-json\/wp\/v2\/pages"}],"about":[{"href":"https:\/\/www.heizungsspezialist.de\/wp\/wp-json\/wp\/v2\/types\/page"}],"author":[{"embeddable":true,"href":"https:\/\/www.heizungsspezialist.de\/wp\/wp-json\/wp\/v2\/users\/1"}],"replies":[{"embeddable":true,"href":"https:\/\/www.heizungsspezialist.de\/wp\/wp-json\/wp\/v2\/comments?post=145"}],"version-history":[{"count":167,"href":"https:\/\/www.heizungsspezialist.de\/wp\/wp-json\/wp\/v2\/pages\/145\/revisions"}],"predecessor-version":[{"id":1530,"href":"https:\/\/www.heizungsspezialist.de\/wp\/wp-json\/wp\/v2\/pages\/145\/revisions\/1530"}],"wp:attachment":[{"href":"https:\/\/www.heizungsspezialist.de\/wp\/wp-json\/wp\/v2\/media?parent=145"}],"curies":[{"name":"wp","href":"https:\/\/api.w.org\/{rel}","templated":true}]}}